{"id":565,"date":"2019-09-28T10:19:57","date_gmt":"2019-09-28T10:19:57","guid":{"rendered":"http:\/\/www.active-dimensions.com\/kip.hr\/web\/?page_id=565"},"modified":"2019-09-28T21:14:46","modified_gmt":"2019-09-28T21:14:46","slug":"565-2","status":"publish","type":"page","link":"https:\/\/www.kip.hr\/web\/?page_id=565&lang=en","title":{"rendered":"Home"},"content":{"rendered":"\n<div id=\"metaslider-id-539\" style=\"width: 100%;\" class=\"ml-slider-3-108-0 metaslider metaslider-flex metaslider-539 ml-slider has-dots-nav ms-theme-simply-dark\" role=\"region\" aria-label=\"engleski\" data-height=\"300\" data-width=\"700\">\n    <div id=\"metaslider_container_539\">\n        <div id=\"metaslider_539\" class=\"flexslider\">\n            <ul class='slides'>\n                <li style=\"display: block; width: 100%;\" class=\"slide-540 ms-image \" aria-roledescription=\"slide\" data-date=\"2019-09-28 08:14:19\" data-filename=\"vileeng-700x300.png\" data-slide-type=\"image\"><img loading=\"lazy\" decoding=\"async\" src=\"https:\/\/www.kip.hr\/web\/wp-content\/uploads\/2019\/09\/vileeng-700x300.png\" height=\"300\" width=\"700\" alt=\"\" class=\"slider-539 slide-540 msDefaultImage\" title=\"vileeng\" \/><div class=\"caption-wrap\"><div class=\"caption\"><p><\/p><h3>Construction of villas on the coast<\/h3>\nPerformer: \u201cKIP\u201d d.o.o., Kova\u010devac 190, Nova Gradi\u0161ka\n<br \/>Investor: \u201cVodograd d.o.o.\u201d<br \/>Start of works: april, 2008.<br \/>End of works: june,2009.<br \/>Value of works: 2.170.709 kn<\/div><\/div><\/li>\n                <li style=\"display: none; width: 100%;\" class=\"slide-541 ms-image \" aria-roledescription=\"slide\" data-date=\"2019-09-28 08:14:19\" data-filename=\"centareng-700x300.png\" data-slide-type=\"image\"><img loading=\"lazy\" decoding=\"async\" src=\"https:\/\/www.kip.hr\/web\/wp-content\/uploads\/2019\/09\/centareng-700x300.png\" height=\"300\" width=\"700\" alt=\"\" class=\"slider-539 slide-541 msDefaultImage\" title=\"centareng\" \/><div class=\"caption-wrap\"><div class=\"caption\"><p><\/p><h3>Construction of a business center building<\/h3>\n\nPerformer: \u201cKIP\u201d d.o.o., Kova\u010devac 190, Nova Gradi\u0161ka\n<br \/>\nInvestor: Poduzetni\u010dki centar Pakrac d.o.o., represented by director Vida Ili\u010di\u0107 ing.arg.\n<br \/>\nStart of works: november 2003. <br \/>\nEnd of works: may 2004.<\/div><\/div><\/li>\n                <li style=\"display: none; width: 100%;\" class=\"slide-542 ms-image \" aria-roledescription=\"slide\" data-date=\"2019-09-28 08:14:19\" data-filename=\"obiteljskekuce-700x300.png\" data-slide-type=\"image\"><img loading=\"lazy\" decoding=\"async\" src=\"https:\/\/www.kip.hr\/web\/wp-content\/uploads\/2019\/09\/obiteljskekuce-700x300.png\" height=\"300\" width=\"700\" alt=\"\" class=\"slider-539 slide-542 msDefaultImage\" title=\"obiteljskekuce\" \/><div class=\"caption-wrap\"><div class=\"caption\"><h3>Family homes<\/h3><\/div><\/div><\/li>\n                <li style=\"display: none; width: 100%;\" class=\"slide-543 ms-image \" aria-roledescription=\"slide\" data-date=\"2019-09-28 08:14:19\" data-filename=\"simiceng-700x300.png\" data-slide-type=\"image\"><img loading=\"lazy\" decoding=\"async\" src=\"https:\/\/www.kip.hr\/web\/wp-content\/uploads\/2019\/09\/simiceng-700x300.png\" height=\"300\" width=\"700\" alt=\"\" class=\"slider-539 slide-543 msDefaultImage\" title=\"simiceng\" \/><div class=\"caption-wrap\"><div class=\"caption\"><p><\/p><h3>Building a business\/residental buildings \u0160imi\u0107<\/h3>\nPerformer: \u201cKIP\u201d d.o.o., Kova\u010devac 190, Nova Gradi\u0161ka\n<br \/>Investor: \u201cPO\u017dEGA IMPEX\u201d Trg Sv. Trojstva 20, Po\u017eega \nowner: Zlatko \u0160imi\u0107\n<br \/>Start of works: may, 2006.\n<br \/>End of works: august, 2006.<\/div><\/div><\/li>\n                <li style=\"display: none; width: 100%;\" class=\"slide-544 ms-image \" aria-roledescription=\"slide\" data-date=\"2019-09-28 08:14:19\" data-filename=\"kraveeng-700x300.png\" data-slide-type=\"image\"><img loading=\"lazy\" decoding=\"async\" src=\"https:\/\/www.kip.hr\/web\/wp-content\/uploads\/2019\/09\/kraveeng-700x300.png\" height=\"300\" width=\"700\" alt=\"\" class=\"slider-539 slide-544 msDefaultImage\" title=\"kraveeng\" \/><div class=\"caption-wrap\"><div class=\"caption\"><p><\/p><h3>Works on a farm for milking cows<\/h3>\nPerformer: \u201cKIP\u201d d.o.o., Kova\u010devac 190, Nova Gradi\u0161ka<br \/>\nInvestor: \u201cFAMILY FARM\u201d,owner: Ljubica Vidi\u0107\n<br \/>Start of works: april, 2006.<br \/>\nEnd of works: june,2006.<\/div><\/div><\/li>\n                <li style=\"display: none; width: 100%;\" class=\"slide-545 ms-image \" aria-roledescription=\"slide\" data-date=\"2019-09-28 08:14:19\" data-filename=\"ostecenekuceeng-700x300.png\" data-slide-type=\"image\"><img loading=\"lazy\" decoding=\"async\" src=\"https:\/\/www.kip.hr\/web\/wp-content\/uploads\/2019\/09\/ostecenekuceeng-700x300.png\" height=\"300\" width=\"700\" alt=\"\" class=\"slider-539 slide-545 msDefaultImage\" title=\"ostecenekuceeng\" \/><div class=\"caption-wrap\"><div class=\"caption\"><p><\/p><h3>Building of war-damaged family houses<\/h3>\nPerformer: \u201cKIP\u201d d.o.o., Kova\u010devac 190, Nova Gradi\u0161ka\n<br \/>Investor: \u201cMINISTRY OF SEA, TRANSPORT AND DEVELOPMENT\u201d \nPrisavlje 14, Zagreb, representative: Bo\u017eidar Kalmeta\n<br \/>Start of works: august, 2005.\n<br \/>End of works: june, 2006.<\/div><\/div><\/li>\n                <li style=\"display: none; width: 100%;\" class=\"slide-546 ms-image \" aria-roledescription=\"slide\" data-date=\"2019-09-28 08:14:19\" data-filename=\"spomenikeng-700x300.png\" data-slide-type=\"image\"><img loading=\"lazy\" decoding=\"async\" src=\"https:\/\/www.kip.hr\/web\/wp-content\/uploads\/2019\/09\/spomenikeng-700x300.png\" height=\"300\" width=\"700\" alt=\"\" class=\"slider-539 slide-546 msDefaultImage\" title=\"spomenikeng\" \/><div class=\"caption-wrap\"><div class=\"caption\"><p><\/p><h3>Building monuments to fallen defenders<\/h3>\nPerformer: \u201cKIP\u201d d.o.o., Kova\u010devac 190, Nova Gradi\u0161ka\n<br \/>Investor: GRAD NOVA GRADI\u0160KA represented by \nthe mayor Josip Mik\u0161i\u0107, dipl.ing.<br \/>\nStart of works: may, 2006.\n<br \/>End of works: august, 2006.<\/div><\/div><\/li>\n                <li style=\"display: none; width: 100%;\" class=\"slide-547 ms-image \" aria-roledescription=\"slide\" data-date=\"2019-09-28 08:14:19\" data-filename=\"STANOVIeng-700x300.png\" data-slide-type=\"image\"><img loading=\"lazy\" decoding=\"async\" src=\"https:\/\/www.kip.hr\/web\/wp-content\/uploads\/2019\/09\/STANOVIeng-700x300.png\" height=\"300\" width=\"700\" alt=\"\" class=\"slider-539 slide-547 msDefaultImage\" title=\"STANOVIeng\" \/><div class=\"caption-wrap\"><div class=\"caption\"><p><\/p><h3>Construction of apartment buildings<\/h3>\nPerformer: \"KIP\" d.o.o., Kova\u010devac 190, Nova Gradi\u0161ka\n<br \/>Investor: SLAVONIJA d.o.o., Radni\u010dko naselje bb, Pakrac\n<br \/>Start of works: november 2006.<br \/>End of works: july, 2007.<br \/>Value of works: 6.843.071 kn<\/div><\/div><\/li>\n                <li style=\"display: none; width: 100%;\" class=\"slide-548 ms-image \" aria-roledescription=\"slide\" data-date=\"2019-09-28 08:14:19\" data-filename=\"vilekrkeng-700x300.png\" data-slide-type=\"image\"><img loading=\"lazy\" decoding=\"async\" src=\"https:\/\/www.kip.hr\/web\/wp-content\/uploads\/2019\/09\/vilekrkeng-700x300.png\" height=\"300\" width=\"700\" alt=\"\" class=\"slider-539 slide-548 msDefaultImage\" title=\"vilekrkeng\" \/><div class=\"caption-wrap\"><div class=\"caption\"><p><\/p><h3>Apartment building at sea<\/h3>\nPerformer: \u201cKIP\u201d d.o.o., Kova\u010devac 190,Nova Gradi\u0161ka<br \/>Investor: \u201cKIP\u201d d.o.o., Kova\u010devac 190, Nova Gradi\u0161ka<br \/>Start of works: 2004.<br \/>End of works: 2004.<br \/>Value of works: 2.259.386 kn<\/div><\/div><\/li>\n            <\/ul>\n        <\/div>\n        \n    <\/div>\n<\/div>\n\n\n\n<div class=\"wp-block-creative-blocks-section\" style=\"background-color:#dee5f8\"><div class=\"cb-stack-tablet cb-stack-mobile cb-row\"><div class=\"cb-col\" style=\"width:33.33%\">\n\n<div class=\"uagb-infobox__outer-wrap\" id=\"uagb-infobox-5a0354f6-9335-443e-96b6-1158c479b397\"><div class=\"uagb-infobox__content-wrap uagb-infobox uagb-infobox-has-icon uagb-infobox-icon-above-title uagb-infobox-image-valign-top uagb-infobox-enable-border-radius \"><div class=\"uagb-ifb-left-right-wrap\"><div class=\"uagb-ifb-content\"><div class=\"uagb-ifb-image-icon-content uagb-ifb-imgicon-wrap\"><div class=\"uagb-ifb-icon-wrap\"><span class=\"uagb-ifb-icon\"><svg xmlns=\"http:\/\/www.w3.org\/2000\/svg\" viewbox=\"0 0 496 512\"><path d=\"M248 8C111.03 8 0 119.03 0 256s111.03 248 248 248 248-111.03 248-248S384.97 8 248 8zm0 432c-101.69 0-184-82.29-184-184 0-101.69 82.29-184 184-184 101.69 0 184 82.29 184 184 0 101.69-82.29 184-184 184zm0-312c-70.69 0-128 57.31-128 128s57.31 128 128 128 128-57.31 128-128-57.31-128-128-128zm0 192c-35.29 0-64-28.71-64-64s28.71-64 64-64 64 28.71 64 64-28.71 64-64 64z\"><\/path><\/svg><\/span><\/div><\/div><div class=\"uagb-ifb-title-wrap\"><h3 class=\"uagb-ifb-title\">Aims and Qualities<\/h3><\/div><div class=\"uagb-ifb-text-wrap\"><p class=\"uagb-ifb-desc\"> The essential determinants of our business and aims of our company are improvement of our quality, adjustment with the new laws, ISO standards 9001 and 14001, licence for managing construction activities, expansion of manufacturing program and development of new products. .<\/p><\/div><\/div><\/div><\/div><\/div>\n\n<\/div>\n\n<div class=\"cb-col\" style=\"width:33.33%\">\n\n<div class=\"uagb-infobox__outer-wrap\" id=\"uagb-infobox-27afb2b5-c223-4038-a29e-e98964f4242e\"><div class=\"uagb-infobox__content-wrap uagb-infobox uagb-infobox-has-icon uagb-infobox-icon-above-title uagb-infobox-image-valign-top uagb-infobox-enable-border-radius \"><div class=\"uagb-ifb-left-right-wrap\"><div class=\"uagb-ifb-content\"><div class=\"uagb-ifb-image-icon-content uagb-ifb-imgicon-wrap\"><div class=\"uagb-ifb-icon-wrap\"><span class=\"uagb-ifb-icon\"><svg xmlns=\"http:\/\/www.w3.org\/2000\/svg\" viewbox=\"0 0 448 512\"><path d=\"M436 160H12c-6.6 0-12-5.4-12-12v-36c0-26.5 21.5-48 48-48h48V12c0-6.6 5.4-12 12-12h40c6.6 0 12 5.4 12 12v52h128V12c0-6.6 5.4-12 12-12h40c6.6 0 12 5.4 12 12v52h48c26.5 0 48 21.5 48 48v36c0 6.6-5.4 12-12 12zM12 192h424c6.6 0 12 5.4 12 12v260c0 26.5-21.5 48-48 48H48c-26.5 0-48-21.5-48-48V204c0-6.6 5.4-12 12-12zm116 204c0-6.6-5.4-12-12-12H76c-6.6 0-12 5.4-12 12v40c0 6.6 5.4 12 12 12h40c6.6 0 12-5.4 12-12v-40zm0-128c0-6.6-5.4-12-12-12H76c-6.6 0-12 5.4-12 12v40c0 6.6 5.4 12 12 12h40c6.6 0 12-5.4 12-12v-40zm128 128c0-6.6-5.4-12-12-12h-40c-6.6 0-12 5.4-12 12v40c0 6.6 5.4 12 12 12h40c6.6 0 12-5.4 12-12v-40zm0-128c0-6.6-5.4-12-12-12h-40c-6.6 0-12 5.4-12 12v40c0 6.6 5.4 12 12 12h40c6.6 0 12-5.4 12-12v-40zm128 128c0-6.6-5.4-12-12-12h-40c-6.6 0-12 5.4-12 12v40c0 6.6 5.4 12 12 12h40c6.6 0 12-5.4 12-12v-40zm0-128c0-6.6-5.4-12-12-12h-40c-6.6 0-12 5.4-12 12v40c0 6.6 5.4 12 12 12h40c6.6 0 12-5.4 12-12v-40z\"><\/path><\/svg><\/span><\/div><\/div><div class=\"uagb-ifb-title-wrap\"><h3 class=\"uagb-ifb-title\">Norm of Quality<\/h3><\/div><div class=\"uagb-ifb-text-wrap\"><p class=\"uagb-ifb-desc\"> Our company satisfies ISO standards 9001 and 14001 and it has licence for managing work:<\/p><\/div><\/div><\/div><\/div><\/div>\n\n\n\n<p><br><a href=\"http:\/\/www.active-dimensions.com\/kip.hr\/web\/wp-content\/uploads\/2019\/09\/kip_iso_9001.pdf\"> ISO 9001<\/a><br> <a href=\"http:\/\/www.active-dimensions.com\/kip.hr\/web\/wp-content\/uploads\/2019\/09\/kip_iso_14001.pdf\">ISO 14001<\/a><br> <a href=\"http:\/\/www.active-dimensions.com\/kip.hr\/web\/wp-content\/uploads\/2019\/09\/suglasnost.pdf\">Licence for managing work<\/a> <\/p>\n\n<\/div>\n\n<div class=\"cb-col\" style=\"width:33.33%\">\n\n<div class=\"uagb-infobox__outer-wrap\" id=\"uagb-infobox-8bd165b9-2a47-4662-b21b-fb5d75b38021\"><div class=\"uagb-infobox__content-wrap uagb-infobox uagb-infobox-has-icon uagb-infobox-icon-above-title uagb-infobox-image-valign-top uagb-infobox-enable-border-radius \"><div class=\"uagb-ifb-left-right-wrap\"><div class=\"uagb-ifb-content\"><div class=\"uagb-ifb-image-icon-content uagb-ifb-imgicon-wrap\"><div class=\"uagb-ifb-icon-wrap\"><span class=\"uagb-ifb-icon\"><svg xmlns=\"http:\/\/www.w3.org\/2000\/svg\" viewbox=\"0 0 512 512\"><path d=\"M504 256c0 136.967-111.033 248-248 248S8 392.967 8 256 119.033 8 256 8s248 111.033 248 248zM227.314 387.314l184-184c6.248-6.248 6.248-16.379 0-22.627l-22.627-22.627c-6.248-6.249-16.379-6.249-22.628 0L216 308.118l-70.059-70.059c-6.248-6.248-16.379-6.248-22.628 0l-22.627 22.627c-6.248 6.248-6.248 16.379 0 22.627l104 104c6.249 6.249 16.379 6.249 22.628.001z\"><\/path><\/svg><\/span><\/div><\/div><div class=\"uagb-ifb-title-wrap\"><h3 class=\"uagb-ifb-title\">Our Qualifications<\/h3><\/div><div class=\"uagb-ifb-text-wrap\"><p class=\"uagb-ifb-desc\">dynamics of business of managed work<\/p><\/div><\/div><\/div><\/div><\/div>\n\n\n\n<p style=\"text-align:center\">managed work is accomplished on schedule<\/p>\n\n\n\n<p style=\"text-align:center\">satisfaction of investors with managed work<\/p>\n\n<\/div><\/div><\/div>\n\n\n\n<hr class=\"wp-block-separator is-style-wide\"\/>\n\n\n\n<div class=\"wp-block-creative-blocks-section\"><div class=\"cb-bg__overlay\" style=\"opacity:0\"><\/div><div class=\"cb-stack-tablet cb-stack-mobile cb-row\"><div class=\"cb-col\" style=\"width:70%\">\n\n<p style=\"text-align:center\" class=\"has-text-color has-medium-font-size has-very-dark-gray-color\">WHERE TO FIND US<\/p>\n\n\n\n<iframe loading=\"lazy\" src=\"https:\/\/www.google.com\/maps\/embed?pb=!1m18!1m12!1m3!1d2808.0289691664375!2d17.341136615818748!3d45.26742517909903!2m3!1f0!2f0!3f0!3m2!1i1024!2i768!4f13.1!3m3!1m2!1s0x476763e4b8bb0d1f%3A0xf76a7eca8eab5cd6!2sKIP%20doo!5e0!3m2!1sen!2shr!4v1569702339417!5m2!1sen!2shr\" width=\"100%\" height=\"100%\" frameborder=\"0\" style=\"border:0;\" allowfullscreen=\"\"><\/iframe>\n\n\n\n<p><\/p>\n\n<\/div>\n\n<div class=\"cb-col\" style=\"width:30%\">\n\n<p style=\"text-align:center\" class=\"has-text-color has-medium-font-size has-very-dark-gray-color\">QUICK CONTACT<\/p>\n\n\n\n<p class=\"wpcf7-contact-form-not-found\"><strong>Gre\u0161ka:<\/strong> Kontakt obrazac nije prona\u0111en.<\/p>\n\n<\/div><\/div><\/div>\n","protected":false},"excerpt":{"rendered":"","protected":false},"author":1,"featured_media":0,"parent":0,"menu_order":0,"comment_status":"closed","ping_status":"closed","template":"","meta":{"_uag_custom_page_level_css":"","footnotes":""},"cb_excerpt":"","uagb_featured_image_src":{"full":false,"thumbnail":false,"medium":false,"medium_large":false,"large":false,"1536x1536":false,"2048x2048":false,"onepress-blog-small":false,"onepress-small":false,"onepress-medium":false},"uagb_author_info":{"display_name":"admin","author_link":"https:\/\/www.kip.hr\/web\/?author=1"},"uagb_comment_info":0,"uagb_excerpt":null,"_links":{"self":[{"href":"https:\/\/www.kip.hr\/web\/index.php?rest_route=\/wp\/v2\/pages\/565"}],"collection":[{"href":"https:\/\/www.kip.hr\/web\/index.php?rest_route=\/wp\/v2\/pages"}],"about":[{"href":"https:\/\/www.kip.hr\/web\/index.php?rest_route=\/wp\/v2\/types\/page"}],"author":[{"embeddable":true,"href":"https:\/\/www.kip.hr\/web\/index.php?rest_route=\/wp\/v2\/users\/1"}],"replies":[{"embeddable":true,"href":"https:\/\/www.kip.hr\/web\/index.php?rest_route=%2Fwp%2Fv2%2Fcomments&post=565"}],"version-history":[{"count":24,"href":"https:\/\/www.kip.hr\/web\/index.php?rest_route=\/wp\/v2\/pages\/565\/revisions"}],"predecessor-version":[{"id":620,"href":"https:\/\/www.kip.hr\/web\/index.php?rest_route=\/wp\/v2\/pages\/565\/revisions\/620"}],"wp:attachment":[{"href":"https:\/\/www.kip.hr\/web\/index.php?rest_route=%2Fwp%2Fv2%2Fmedia&parent=565"}],"curies":[{"name":"wp","href":"https:\/\/api.w.org\/{rel}","templated":true}]}}